{"id":25520,"date":"2021-03-23T07:39:09","date_gmt":"2021-03-23T05:39:09","guid":{"rendered":"https:\/\/storitgroup.com\/tehnika-hooldus\/"},"modified":"2023-02-09T16:24:58","modified_gmt":"2023-02-09T14:24:58","slug":"equipment-maintenance","status":"publish","type":"page","link":"https:\/\/www.laomaailm.ee\/en\/equipment-maintenance\/","title":{"rendered":"Technique repair and maintenance"},"content":{"rendered":"\n<h2 class=\"wp-block-heading\">Storit performs maintenance and repair of all machines sold by us and, if possible, other machines. Professional maintenance keeps the equipment safe and reliable and ensures its efficient and long-term operation. <\/h2>\n\n\n\n<h3 class=\"wp-block-heading\">What kind of work do we do? <\/h3>\n\n\n\n<p>Aitame alati v\u00e4lja selgitada p\u00f5hjuse, miks laotehnika ei t\u00f6\u00f6ta nii, nagu peaks, ning remondime ja anname soovitused edasisteks tegevusteks. Iga hoolduse ja remondi spetsiifika s\u00f5ltub konkreetsest seadmest ja murekohast, aga need on m\u00f5ned n\u00e4ited levinuimatest t\u00f6\u00f6dest, millega kliente aitame:<\/p>\n\n\n\n<p>&#8211; forklift wheel \/ roller replacement <br> &#8211; oil leakage elimination <br> &#8211; forklift tire replacement <br> &#8211; counterbalanced truck engine repair <br> &#8211; stacker wheel replacement <br> &#8211; equipment fault diagnosis <br> &#8211; spare parts procurement <br> &#8211; regular maintenance (cleaning, lubrication, inspection that the device is in good condition and safe. In the case of equipment with internal combustion engines, maintenance of the engine and its moving parts, change of engine oil and filters) <br> &#8211; warranty repair <\/p>\n\n\n\n<h3 class=\"wp-block-heading\">Where we perform repairs <\/h3>\n\n\n\n<p>We carry out repairs both on site and in our workshop near Tallinn in Laagri (Linam\u00e4e 2, T\u00e4nassilma k\u00fcla, Saku vald).<\/p>\n\n\n\n<p>Taking care of your truck and storage equipment is an important job and we have all the tools for that &#8211; a large repair shop with a maintenance channel, washing channel, hoist, forklift maintenance bench, a well-equipped maintenance bus and other equipment. <\/p>\n\n\n\n<p>To transport the device to our workshop, we proceed from your wishes and possibilities: <\/p>\n\n\n\n<p>&#8211; you organize the transport of the device yourself; <br> &#8211; you leave the transport to us. To do this, contact us and we will let you know the exact transport price, depending on your location and the size of the device. <\/p>\n\n\n\n<p>When performing on-site maintenance or repairs at the customer, a challenge fee of 30 \u20ac and a kilometer fee are added to the repair bill. <\/p>\n","protected":false},"excerpt":{"rendered":"<p>Storit performs maintenance and repair of all machines sold by us and, if possible, other machines. Professional maintenance keeps the equipment safe and reliable and ensures its efficient and long-term operation. What kind of work do we do? Aitame alati v\u00e4lja selgitada p\u00f5hjuse, miks laotehnika ei t\u00f6\u00f6ta nii, nagu peaks, ning remondime ja anname soovitused [&hellip;]<\/p>\n","protected":false},"author":1,"featured_media":0,"parent":0,"menu_order":999999999,"comment_status":"closed","ping_status":"closed","template":"page-templates\/hooldus.php","meta":{"_acf_changed":false,"footnotes":""},"class_list":["post-25520","page","type-page","status-publish","hentry"],"acf":[],"yoast_head":"<!-- This site is optimized with the Yoast SEO plugin v27.4 - https:\/\/yoast.com\/product\/yoast-seo-wordpress\/ -->\n<title>Technique repair and maintenance &#8226; Laomaailm<\/title>\n<meta name=\"robots\" content=\"index, follow, max-snippet:-1, max-image-preview:large, max-video-preview:-1\" \/>\n<link rel=\"canonical\" href=\"https:\/\/www.laomaailm.ee\/en\/equipment-maintenance\/\" \/>\n<meta property=\"og:locale\" content=\"en_US\" \/>\n<meta property=\"og:type\" content=\"article\" \/>\n<meta property=\"og:title\" content=\"Technique repair and maintenance &#8226; Laomaailm\" \/>\n<meta property=\"og:description\" content=\"Storit performs maintenance and repair of all machines sold by us and, if possible, other machines. Professional maintenance keeps the equipment safe and reliable and ensures its efficient and long-term operation. What kind of work do we do? Aitame alati v\u00e4lja selgitada p\u00f5hjuse, miks laotehnika ei t\u00f6\u00f6ta nii, nagu peaks, ning remondime ja anname soovitused [&hellip;]\" \/>\n<meta property=\"og:url\" content=\"https:\/\/www.laomaailm.ee\/en\/equipment-maintenance\/\" \/>\n<meta property=\"og:site_name\" content=\"Laomaailm\" \/>\n<meta property=\"article:modified_time\" content=\"2023-02-09T14:24:58+00:00\" \/>\n<meta name=\"twitter:card\" content=\"summary_large_image\" \/>\n<meta name=\"twitter:label1\" content=\"Est. reading time\" \/>\n\t<meta name=\"twitter:data1\" content=\"1 minute\" \/>\n<script type=\"application\/ld+json\" class=\"yoast-schema-graph\">{\"@context\":\"https:\\\/\\\/schema.org\",\"@graph\":[{\"@type\":\"WebPage\",\"@id\":\"https:\\\/\\\/www.laomaailm.ee\\\/en\\\/equipment-maintenance\\\/\",\"url\":\"https:\\\/\\\/www.laomaailm.ee\\\/en\\\/equipment-maintenance\\\/\",\"name\":\"Technique repair and maintenance &#8226; Laomaailm\",\"isPartOf\":{\"@id\":\"https:\\\/\\\/www.laomaailm.ee\\\/en\\\/#website\"},\"datePublished\":\"2021-03-23T05:39:09+00:00\",\"dateModified\":\"2023-02-09T14:24:58+00:00\",\"breadcrumb\":{\"@id\":\"https:\\\/\\\/www.laomaailm.ee\\\/en\\\/equipment-maintenance\\\/#breadcrumb\"},\"inLanguage\":\"en-US\",\"potentialAction\":[{\"@type\":\"ReadAction\",\"target\":[\"https:\\\/\\\/www.laomaailm.ee\\\/en\\\/equipment-maintenance\\\/\"]}]},{\"@type\":\"BreadcrumbList\",\"@id\":\"https:\\\/\\\/www.laomaailm.ee\\\/en\\\/equipment-maintenance\\\/#breadcrumb\",\"itemListElement\":[{\"@type\":\"ListItem\",\"position\":1,\"name\":\"Homepage\",\"item\":\"https:\\\/\\\/www.laomaailm.ee\\\/en\\\/?page_id=219142\"},{\"@type\":\"ListItem\",\"position\":2,\"name\":\"Technique repair and maintenance\"}]},{\"@type\":\"WebSite\",\"@id\":\"https:\\\/\\\/www.laomaailm.ee\\\/en\\\/#website\",\"url\":\"https:\\\/\\\/www.laomaailm.ee\\\/en\\\/\",\"name\":\"Laomaailm\",\"description\":\"30 aastat ladusaid lahendusi\",\"potentialAction\":[{\"@type\":\"SearchAction\",\"target\":{\"@type\":\"EntryPoint\",\"urlTemplate\":\"https:\\\/\\\/www.laomaailm.ee\\\/en\\\/?s={search_term_string}\"},\"query-input\":{\"@type\":\"PropertyValueSpecification\",\"valueRequired\":true,\"valueName\":\"search_term_string\"}}],\"inLanguage\":\"en-US\"}]}<\/script>\n<!-- \/ Yoast SEO plugin. -->","yoast_head_json":{"title":"Technique repair and maintenance &#8226; Laomaailm","robots":{"index":"index","follow":"follow","max-snippet":"max-snippet:-1","max-image-preview":"max-image-preview:large","max-video-preview":"max-video-preview:-1"},"canonical":"https:\/\/www.laomaailm.ee\/en\/equipment-maintenance\/","og_locale":"en_US","og_type":"article","og_title":"Technique repair and maintenance &#8226; Laomaailm","og_description":"Storit performs maintenance and repair of all machines sold by us and, if possible, other machines. Professional maintenance keeps the equipment safe and reliable and ensures its efficient and long-term operation. What kind of work do we do? Aitame alati v\u00e4lja selgitada p\u00f5hjuse, miks laotehnika ei t\u00f6\u00f6ta nii, nagu peaks, ning remondime ja anname soovitused [&hellip;]","og_url":"https:\/\/www.laomaailm.ee\/en\/equipment-maintenance\/","og_site_name":"Laomaailm","article_modified_time":"2023-02-09T14:24:58+00:00","twitter_card":"summary_large_image","twitter_misc":{"Est. reading time":"1 minute"},"schema":{"@context":"https:\/\/schema.org","@graph":[{"@type":"WebPage","@id":"https:\/\/www.laomaailm.ee\/en\/equipment-maintenance\/","url":"https:\/\/www.laomaailm.ee\/en\/equipment-maintenance\/","name":"Technique repair and maintenance &#8226; Laomaailm","isPartOf":{"@id":"https:\/\/www.laomaailm.ee\/en\/#website"},"datePublished":"2021-03-23T05:39:09+00:00","dateModified":"2023-02-09T14:24:58+00:00","breadcrumb":{"@id":"https:\/\/www.laomaailm.ee\/en\/equipment-maintenance\/#breadcrumb"},"inLanguage":"en-US","potentialAction":[{"@type":"ReadAction","target":["https:\/\/www.laomaailm.ee\/en\/equipment-maintenance\/"]}]},{"@type":"BreadcrumbList","@id":"https:\/\/www.laomaailm.ee\/en\/equipment-maintenance\/#breadcrumb","itemListElement":[{"@type":"ListItem","position":1,"name":"Homepage","item":"https:\/\/www.laomaailm.ee\/en\/?page_id=219142"},{"@type":"ListItem","position":2,"name":"Technique repair and maintenance"}]},{"@type":"WebSite","@id":"https:\/\/www.laomaailm.ee\/en\/#website","url":"https:\/\/www.laomaailm.ee\/en\/","name":"Laomaailm","description":"30 aastat ladusaid lahendusi","potentialAction":[{"@type":"SearchAction","target":{"@type":"EntryPoint","urlTemplate":"https:\/\/www.laomaailm.ee\/en\/?s={search_term_string}"},"query-input":{"@type":"PropertyValueSpecification","valueRequired":true,"valueName":"search_term_string"}}],"inLanguage":"en-US"}]}},"_links":{"self":[{"href":"https:\/\/www.laomaailm.ee\/en\/wp-json\/wp\/v2\/pages\/25520","targetHints":{"allow":["GET"]}}],"collection":[{"href":"https:\/\/www.laomaailm.ee\/en\/wp-json\/wp\/v2\/pages"}],"about":[{"href":"https:\/\/www.laomaailm.ee\/en\/wp-json\/wp\/v2\/types\/page"}],"author":[{"embeddable":true,"href":"https:\/\/www.laomaailm.ee\/en\/wp-json\/wp\/v2\/users\/1"}],"replies":[{"embeddable":true,"href":"https:\/\/www.laomaailm.ee\/en\/wp-json\/wp\/v2\/comments?post=25520"}],"version-history":[{"count":0,"href":"https:\/\/www.laomaailm.ee\/en\/wp-json\/wp\/v2\/pages\/25520\/revisions"}],"wp:attachment":[{"href":"https:\/\/www.laomaailm.ee\/en\/wp-json\/wp\/v2\/media?parent=25520"}],"curies":[{"name":"wp","href":"https:\/\/api.w.org\/{rel}","templated":true}]}}