{"id":203757,"date":"2023-01-26T11:43:21","date_gmt":"2023-01-26T09:43:21","guid":{"rendered":"https:\/\/storitgroup.com\/projektilahenduse-paring\/"},"modified":"2024-08-15T10:47:01","modified_gmt":"2024-08-15T07:47:01","slug":"projektilahenduse-paring","status":"publish","type":"page","link":"https:\/\/www.laomaailm.ee\/en\/project-solution-request\/","title":{"rendered":"Project solution request"},"content":{"rendered":"\n<h2 class=\"wp-block-heading\">Teame, et pelgalt riiulite paigaldamine ja t\u00f5stuki soetamine ei too lattu oodatud tulemust. Oluline on luua l\u00e4bim\u00f5eldud s\u00fcsteem, mis muudab kaupade ladustamise ja liigutamise kiireks, mugavaks ja kasutajas\u00f5bralikuks.<\/h2>\n\n<h3 class=\"wp-block-heading\">Terviklahenduste teostamine<\/h3>\n\n<p>Tuginedes 27-aastasele kogemusele, aitame luua iga \u00e4ri spetsiifikat silmas pidades ideaalselt toimiva lahenduse. Laosisustuse erinevaid variante m\u00e4ngime l\u00e4bi AutoCad projekteerimistarkvaraga. Iga lao sisustamise projekt on ainulaadne, kuid eesm\u00e4rk on alati luua v\u00f5imalikult suure mahutavusega ja maksimaalselt efektiivse liigutamisv\u00f5imalusega terviklahendust. <\/p>\n\n<p>Lisaks ideele tegeleme ka teostusega \u2013 tarnime vajalikud <a href=\"https:\/\/storitgroup.com\/tooted\/\">tooted<\/a>, viime vanad riiulid jt laotooted utiliseerimisele ning paigaldame uued s\u00fcsteemid. <\/p>\n\n<p>Nii on meid usaldanud suurimate projektide puhul n\u00e4iteks <a href=\"https:\/\/www.smarten.ee\" target=\"_blank\" rel=\"nofollow noopener\">Smarten Logistics<\/a>, <a href=\"http:\/\/www.norma.ee\" target=\"_blank\" rel=\"nofollow noopener\">Norma<\/a>, Febparts, <a href=\"https:\/\/www.ra.ee\" target=\"_blank\" rel=\"nofollow noopener\">Rahvusarhiiv<\/a> ja <a href=\"https:\/\/www.erm.ee\" target=\"_blank\" rel=\"nofollow noopener\">Eesti Rahva Muuseum<\/a>.<\/p>\n","protected":false},"excerpt":{"rendered":"<p>Teame, et pelgalt riiulite paigaldamine ja t\u00f5stuki soetamine ei too lattu oodatud tulemust. Oluline on luua l\u00e4bim\u00f5eldud s\u00fcsteem, mis muudab kaupade ladustamise ja liigutamise kiireks, mugavaks ja kasutajas\u00f5bralikuks. Terviklahenduste teostamine Tuginedes 27-aastasele kogemusele, aitame luua iga \u00e4ri spetsiifikat silmas pidades ideaalselt toimiva lahenduse. Laosisustuse erinevaid variante m\u00e4ngime l\u00e4bi AutoCad projekteerimistarkvaraga. Iga lao sisustamise projekt on [&hellip;]<\/p>\n","protected":false},"author":1,"featured_media":215959,"parent":0,"menu_order":999999999,"comment_status":"closed","ping_status":"closed","template":"page-templates\/projektimyyk.php","meta":{"_acf_changed":false,"footnotes":""},"class_list":["post-203757","page","type-page","status-publish","has-post-thumbnail","hentry"],"acf":[],"yoast_head":"<!-- This site is optimized with the Yoast SEO plugin v27.3 - https:\/\/yoast.com\/product\/yoast-seo-wordpress\/ -->\n<title>Project solution request &#8226; Laomaailm<\/title>\n<meta name=\"description\" content=\"Aitame luua iga \u00e4ri spetsiifikat silmas pidades ideaalselt toimiva lahenduse. Laosisustuse erinevaid variante m\u00e4ngime l\u00e4bi AutoCad projekteerimistarkvaraga.\" \/>\n<meta name=\"robots\" content=\"index, follow, max-snippet:-1, max-image-preview:large, max-video-preview:-1\" \/>\n<link rel=\"canonical\" href=\"https:\/\/www.laomaailm.ee\/en\/project-solution-request\/\" \/>\n<meta property=\"og:locale\" content=\"en_US\" \/>\n<meta property=\"og:type\" content=\"article\" \/>\n<meta property=\"og:title\" content=\"Project solution request &#8226; Laomaailm\" \/>\n<meta property=\"og:description\" content=\"Aitame luua iga \u00e4ri spetsiifikat silmas pidades ideaalselt toimiva lahenduse. Laosisustuse erinevaid variante m\u00e4ngime l\u00e4bi AutoCad projekteerimistarkvaraga.\" \/>\n<meta property=\"og:url\" content=\"https:\/\/www.laomaailm.ee\/en\/project-solution-request\/\" \/>\n<meta property=\"og:site_name\" content=\"Laomaailm\" \/>\n<meta property=\"article:modified_time\" content=\"2024-08-15T07:47:01+00:00\" \/>\n<meta property=\"og:image\" content=\"https:\/\/www.laomaailm.ee\/uploads\/2023\/09\/funtime-yale.jpg\" \/>\n\t<meta property=\"og:image:width\" content=\"1280\" \/>\n\t<meta property=\"og:image:height\" content=\"960\" \/>\n\t<meta property=\"og:image:type\" content=\"image\/jpeg\" \/>\n<meta name=\"twitter:card\" content=\"summary_large_image\" \/>\n<meta name=\"twitter:label1\" content=\"Est. reading time\" \/>\n\t<meta name=\"twitter:data1\" content=\"1 minute\" \/>\n<script type=\"application\/ld+json\" class=\"yoast-schema-graph\">{\"@context\":\"https:\\\/\\\/schema.org\",\"@graph\":[{\"@type\":\"WebPage\",\"@id\":\"https:\\\/\\\/www.laomaailm.ee\\\/en\\\/project-solution-request\\\/\",\"url\":\"https:\\\/\\\/www.laomaailm.ee\\\/en\\\/project-solution-request\\\/\",\"name\":\"Project solution request &#8226; Laomaailm\",\"isPartOf\":{\"@id\":\"https:\\\/\\\/www.laomaailm.ee\\\/en\\\/#website\"},\"primaryImageOfPage\":{\"@id\":\"https:\\\/\\\/www.laomaailm.ee\\\/en\\\/project-solution-request\\\/#primaryimage\"},\"image\":{\"@id\":\"https:\\\/\\\/www.laomaailm.ee\\\/en\\\/project-solution-request\\\/#primaryimage\"},\"thumbnailUrl\":\"https:\\\/\\\/www.laomaailm.ee\\\/uploads\\\/2023\\\/09\\\/funtime-yale.jpg\",\"datePublished\":\"2023-01-26T09:43:21+00:00\",\"dateModified\":\"2024-08-15T07:47:01+00:00\",\"description\":\"Aitame luua iga \u00e4ri spetsiifikat silmas pidades ideaalselt toimiva lahenduse. Laosisustuse erinevaid variante m\u00e4ngime l\u00e4bi AutoCad projekteerimistarkvaraga.\",\"breadcrumb\":{\"@id\":\"https:\\\/\\\/www.laomaailm.ee\\\/en\\\/project-solution-request\\\/#breadcrumb\"},\"inLanguage\":\"en-US\",\"potentialAction\":[{\"@type\":\"ReadAction\",\"target\":[\"https:\\\/\\\/www.laomaailm.ee\\\/en\\\/project-solution-request\\\/\"]}]},{\"@type\":\"ImageObject\",\"inLanguage\":\"en-US\",\"@id\":\"https:\\\/\\\/www.laomaailm.ee\\\/en\\\/project-solution-request\\\/#primaryimage\",\"url\":\"https:\\\/\\\/www.laomaailm.ee\\\/uploads\\\/2023\\\/09\\\/funtime-yale.jpg\",\"contentUrl\":\"https:\\\/\\\/www.laomaailm.ee\\\/uploads\\\/2023\\\/09\\\/funtime-yale.jpg\",\"width\":1280,\"height\":960},{\"@type\":\"BreadcrumbList\",\"@id\":\"https:\\\/\\\/www.laomaailm.ee\\\/en\\\/project-solution-request\\\/#breadcrumb\",\"itemListElement\":[{\"@type\":\"ListItem\",\"position\":1,\"name\":\"Homepage\",\"item\":\"https:\\\/\\\/www.laomaailm.ee\\\/en\\\/?page_id=219142\"},{\"@type\":\"ListItem\",\"position\":2,\"name\":\"Project solution request\"}]},{\"@type\":\"WebSite\",\"@id\":\"https:\\\/\\\/www.laomaailm.ee\\\/en\\\/#website\",\"url\":\"https:\\\/\\\/www.laomaailm.ee\\\/en\\\/\",\"name\":\"Laomaailm\",\"description\":\"30 aastat ladusaid lahendusi\",\"potentialAction\":[{\"@type\":\"SearchAction\",\"target\":{\"@type\":\"EntryPoint\",\"urlTemplate\":\"https:\\\/\\\/www.laomaailm.ee\\\/en\\\/?s={search_term_string}\"},\"query-input\":{\"@type\":\"PropertyValueSpecification\",\"valueRequired\":true,\"valueName\":\"search_term_string\"}}],\"inLanguage\":\"en-US\"}]}<\/script>\n<!-- \/ Yoast SEO plugin. -->","yoast_head_json":{"title":"Project solution request &#8226; Laomaailm","description":"Aitame luua iga \u00e4ri spetsiifikat silmas pidades ideaalselt toimiva lahenduse. Laosisustuse erinevaid variante m\u00e4ngime l\u00e4bi AutoCad projekteerimistarkvaraga.","robots":{"index":"index","follow":"follow","max-snippet":"max-snippet:-1","max-image-preview":"max-image-preview:large","max-video-preview":"max-video-preview:-1"},"canonical":"https:\/\/www.laomaailm.ee\/en\/project-solution-request\/","og_locale":"en_US","og_type":"article","og_title":"Project solution request &#8226; Laomaailm","og_description":"Aitame luua iga \u00e4ri spetsiifikat silmas pidades ideaalselt toimiva lahenduse. Laosisustuse erinevaid variante m\u00e4ngime l\u00e4bi AutoCad projekteerimistarkvaraga.","og_url":"https:\/\/www.laomaailm.ee\/en\/project-solution-request\/","og_site_name":"Laomaailm","article_modified_time":"2024-08-15T07:47:01+00:00","og_image":[{"width":1280,"height":960,"url":"https:\/\/www.laomaailm.ee\/uploads\/2023\/09\/funtime-yale.jpg","type":"image\/jpeg"}],"twitter_card":"summary_large_image","twitter_misc":{"Est. reading time":"1 minute"},"schema":{"@context":"https:\/\/schema.org","@graph":[{"@type":"WebPage","@id":"https:\/\/www.laomaailm.ee\/en\/project-solution-request\/","url":"https:\/\/www.laomaailm.ee\/en\/project-solution-request\/","name":"Project solution request &#8226; Laomaailm","isPartOf":{"@id":"https:\/\/www.laomaailm.ee\/en\/#website"},"primaryImageOfPage":{"@id":"https:\/\/www.laomaailm.ee\/en\/project-solution-request\/#primaryimage"},"image":{"@id":"https:\/\/www.laomaailm.ee\/en\/project-solution-request\/#primaryimage"},"thumbnailUrl":"https:\/\/www.laomaailm.ee\/uploads\/2023\/09\/funtime-yale.jpg","datePublished":"2023-01-26T09:43:21+00:00","dateModified":"2024-08-15T07:47:01+00:00","description":"Aitame luua iga \u00e4ri spetsiifikat silmas pidades ideaalselt toimiva lahenduse. Laosisustuse erinevaid variante m\u00e4ngime l\u00e4bi AutoCad projekteerimistarkvaraga.","breadcrumb":{"@id":"https:\/\/www.laomaailm.ee\/en\/project-solution-request\/#breadcrumb"},"inLanguage":"en-US","potentialAction":[{"@type":"ReadAction","target":["https:\/\/www.laomaailm.ee\/en\/project-solution-request\/"]}]},{"@type":"ImageObject","inLanguage":"en-US","@id":"https:\/\/www.laomaailm.ee\/en\/project-solution-request\/#primaryimage","url":"https:\/\/www.laomaailm.ee\/uploads\/2023\/09\/funtime-yale.jpg","contentUrl":"https:\/\/www.laomaailm.ee\/uploads\/2023\/09\/funtime-yale.jpg","width":1280,"height":960},{"@type":"BreadcrumbList","@id":"https:\/\/www.laomaailm.ee\/en\/project-solution-request\/#breadcrumb","itemListElement":[{"@type":"ListItem","position":1,"name":"Homepage","item":"https:\/\/www.laomaailm.ee\/en\/?page_id=219142"},{"@type":"ListItem","position":2,"name":"Project solution request"}]},{"@type":"WebSite","@id":"https:\/\/www.laomaailm.ee\/en\/#website","url":"https:\/\/www.laomaailm.ee\/en\/","name":"Laomaailm","description":"30 aastat ladusaid lahendusi","potentialAction":[{"@type":"SearchAction","target":{"@type":"EntryPoint","urlTemplate":"https:\/\/www.laomaailm.ee\/en\/?s={search_term_string}"},"query-input":{"@type":"PropertyValueSpecification","valueRequired":true,"valueName":"search_term_string"}}],"inLanguage":"en-US"}]}},"_links":{"self":[{"href":"https:\/\/www.laomaailm.ee\/en\/wp-json\/wp\/v2\/pages\/203757","targetHints":{"allow":["GET"]}}],"collection":[{"href":"https:\/\/www.laomaailm.ee\/en\/wp-json\/wp\/v2\/pages"}],"about":[{"href":"https:\/\/www.laomaailm.ee\/en\/wp-json\/wp\/v2\/types\/page"}],"author":[{"embeddable":true,"href":"https:\/\/www.laomaailm.ee\/en\/wp-json\/wp\/v2\/users\/1"}],"replies":[{"embeddable":true,"href":"https:\/\/www.laomaailm.ee\/en\/wp-json\/wp\/v2\/comments?post=203757"}],"version-history":[{"count":0,"href":"https:\/\/www.laomaailm.ee\/en\/wp-json\/wp\/v2\/pages\/203757\/revisions"}],"wp:featuredmedia":[{"embeddable":true,"href":"https:\/\/www.laomaailm.ee\/en\/wp-json\/wp\/v2\/media\/215959"}],"wp:attachment":[{"href":"https:\/\/www.laomaailm.ee\/en\/wp-json\/wp\/v2\/media?parent=203757"}],"curies":[{"name":"wp","href":"https:\/\/api.w.org\/{rel}","templated":true}]}}